{"id":30,"date":"2020-04-14T12:04:35","date_gmt":"2020-04-14T10:04:35","guid":{"rendered":"http:\/\/www.hfc-glassolutions.com\/en\/?page_id=30"},"modified":"2020-09-15T13:39:43","modified_gmt":"2020-09-15T11:39:43","slug":"privacy-policy","status":"publish","type":"page","link":"https:\/\/www.hfc-glassolutions.com\/en\/contact\/privacy-policy\/","title":{"rendered":"Privacy policy"},"content":{"rendered":"\n<h5 class=\"wp-block-heading\">\u00a71 Grundlegendes<\/h5>\n\n\n\n<p>Diese Datenschutzerkl\u00e4rung soll die Nutzer dieser Website \u00fcber die Art, den Umfang und den Zweck der Erhebung und Verwendung personenbezogener Daten durch den Websitebetreiber HFC Glassolutions.com informieren.<\/p>\n\n\n\n<p>Der Websitebetreiber nimmt Ihren Datenschutz sehr ernst und behandelt Ihre personenbezogenen Daten vertraulich und entsprechend der gesetzlichen Vorschriften.<\/p>\n\n\n\n<h5 class=\"wp-block-heading\">\u00a72 Zugriffsdaten<\/h5>\n\n\n\n<p>Wir, der Websitebetreiber, erheben keine Daten \u00fcber Zugriffe auf die Website und speichern keine Daten auf dem Server der Website ab.<\/p>\n\n\n\n<h5 class=\"wp-block-heading\">\u00a7 3 Reichweitenmessung &amp; Cookies<\/h5>\n\n\n\n<p>Diese Website verwendet keine Cookies zur pseudonymisierten Reichweitenmessung, die entweder von unserem Server oder dem Server Dritter an den Browser des Nutzers \u00fcbertragen werden.<\/p>\n\n\n\n<p>Mit unserer Website verlinkte ausl\u00e4ndischen Website k\u00f6nnen jedoch Cookies verwenden.<\/p>\n\n\n\n<p>Mit Anklicken des Link zu diesen Seiten akzeptieren Sie die dort geltenden Datenschutzverordnungen und die jeweils im Lande des Betreibers der Webseiten geltenden Regeln zur Datenerhebung, -speicherung, -nutzung und -verwendung.<\/p>\n\n\n\n<h5 class=\"wp-block-heading\">\u00a74 Erfassung und Verarbeitung personenbezogener Daten<\/h5>\n\n\n\n<p>Der Websitebetreiber erhebt, nutzt und gibt Ihre personenbezogenen Daten nur dann weiter, wenn dies im gesetzlichen Rahmen erlaubt ist oder Sie in die Datenerhebung einwilligen.<\/p>\n\n\n\n<p>Als personenbezogene Daten gelten s\u00e4mtliche Informationen, welche dazu dienen, Ihre Person zu bestimmen und welche zu Ihnen zur\u00fcckverfolgt werden k\u00f6nnen \u2013 also beispielsweise Ihr Name, Ihre E-Mail-Adresse und Telefonnummer.<\/p>\n\n\n\n<p>Diese Website k\u00f6nnen Sie auch besuchen, ohne Angaben zu Ihrer Person zu machen.<\/p>\n\n\n\n<p>Der Webseitenbetreiber erhebt keinen Daten \u00fcber Besucher der Webseite, es sei denn diese nutzen die E-Mail Funktion zur Kontaktaufnahme. In den Fall werden die Daten wie unter \u00a74 Absatz 1 beschrieben, behandelt.<\/p>\n\n\n\n<h5 class=\"wp-block-heading\">\u00a75Umgang mit Kontaktdaten<\/h5>\n\n\n\n<p>Nehmen Sie mit uns als Websitebetreiber durch die angebotenen Kontaktm\u00f6glichkeiten Verbindung auf, werden Ihre Angaben gespeichert, damit auf diese zur Bearbeitung und Beantwortung Ihrer Anfrage zur\u00fcckgegriffen werden kann. Dazu kann es notwendig sein, dass wir die Daten in Ihrer E-Mail an Dritte zur Bearbeitung Ihrer Anfrage weitergeben m\u00fcssen. Sollten Sie damit nicht einverstanden sein, m\u00fcssen Sie dies in Ihrem Kontakttext explizit vermerken.<\/p>\n\n\n\n<p>Weiterhin k\u00f6nnen Sie durch ein Browser-Plugin verhindern, dass die durch Cookies gesammelten Informationen (inklusive Ihrer IP-Adresse) an die Google Inc. gesendet und von der Google Inc. genutzt werden. Folgender Link f\u00fchrt Sie zu dem entsprechenden Plugin: https:\/\/tools.google.com\/dlpage\/gaoptout?hl=de<\/p>\n\n\n\n<h5 class=\"wp-block-heading\">\u00a76 Newsletter-Abonnement<\/h5>\n\n\n\n<p>Der Websitebetreiber bietet Ihnen keinen Newsletter an.<\/p>\n\n\n\n<p>Die mit dieser Website verlinkten Firmen bieten jedoch eigene Newsletter an. M\u00f6chten Sie diese Newsletter abonnieren, m\u00fcssen Sie eine valide E-Mail-Adresse angeben. Wenn Sie diese Newsletter abonnieren, erkl\u00e4ren Sie sich mit dem Newsletter-Empfang und den erl\u00e4uterten Verfahren einverstanden.<\/p>\n\n\n\n<h5 class=\"wp-block-heading\">\u00a77 Rechte des Nutzers<\/h5>\n\n\n\n<p>Sie haben als Nutzer das Recht, auf Antrag eine kostenlose Auskunft dar\u00fcber zu erhalten, welche personenbezogenen Daten \u00fcber Sie gespeichert wurden. Sie haben au\u00dferdem das Recht auf Berichtigung falscher Daten und auf die Verarbeitungseinschr\u00e4nkung oder L\u00f6schung Ihrer personenbezogenen Daten. Falls zutreffend, k\u00f6nnen Sie auch Ihr Recht auf Datenportabilit\u00e4t geltend machen. Sollten Sie annehmen, dass Ihre Daten unrechtm\u00e4\u00dfig verarbeitet wurden, k\u00f6nnen Sie eine Beschwerde bei der zust\u00e4ndigen Aufsichtsbeh\u00f6rde einreichen.<\/p>\n\n\n\n<h5 class=\"wp-block-heading\">\u00a78 L\u00f6schung von Daten<\/h5>\n\n\n\n<p>Sofern Ihr Wunsch nicht mit einer gesetzlichen Pflicht zur Aufbewahrung von Daten (z. B. Vorratsdatenspeicherung) kollidiert, haben Sie ein Anrecht auf L\u00f6schung Ihrer Daten. Von uns gespeicherte Daten werden, sollten sie f\u00fcr ihre Zweckbestimmung nicht mehr vonn\u00f6ten sein und es keine gesetzlichen Aufbewahrungsfristen geben, gel\u00f6scht. Falls eine L\u00f6schung nicht durchgef\u00fchrt werden kann, da die Daten f\u00fcr zul\u00e4ssige gesetzliche Zwecke erforderlich sind, erfolgt eine Einschr\u00e4nkung der Datenverarbeitung. In diesem Fall werden die Daten gesperrt und nicht f\u00fcr andere Zwecke verarbeitet.<\/p>\n\n\n\n<h5 class=\"wp-block-heading\">\u00a79 Widerspruchsrecht<\/h5>\n\n\n\n<p>Nutzer dieser Webseite k\u00f6nnen von ihrem Widerspruchsrecht Gebrauch machen und der Verarbeitung ihrer personenbezogenen Daten zu jeder Zeit widersprechen.<\/p>\n\n\n\n<p>Wenn Sie eine Berichtigung, Sperrung, L\u00f6schung oder Auskunft \u00fcber die zu Ihrer Person gespeicherten personenbezogenen Daten w\u00fcnschen oder Fragen bzgl. der Erhebung, Verarbeitung oder Verwendung Ihrer personenbezogenen Daten haben oder erteilte Einwilligungen widerrufen m\u00f6chten, wenden Sie sich bitte an folgende E-Mail-Adresse:<br><a href=\"mailto:hermann@hfc-glassolutions.com\">hermann@hfc-glassolutions.com<\/a><\/p>\n\n\n\n<h5 class=\"wp-block-heading\">\u00a710 Weitergabe von Daten an Dritte<\/h5>\n\n\n\n<p>Da die Kontaktaufnahme ausschlie\u00dflich \u00fcber E-Mail erfolgt und der Webseitenbetreiber keine Aufzeichnung und\/oder Speicherung der IP Adresse oder sonstiger Daten t\u00e4tigt, werden auch keine Daten an Dritte weitergegeben.<\/p>\n\n\n\n<p>Bei Kontaktaufnahme per E-Mail werden nur die in der E-Mail direkt bereitgestellten Daten zur Erstellung der notwendigen und angeforderten Angebote weitergegeben.<\/p>\n\n\n\n<p>Diese Webseite enth\u00e4lt Links zu den Webseiten von in- und ausl\u00e4ndischen Partnerfirmen. Mit Anklicken des Link zu diesen Seiten akzeptieren Sie die dort geltenden Datenschutzverordnungen und die jeweils im Lande des Betreibers der Webseiten geltenden Regeln zur Datenerhebung, -speicherung, -nutzung und -verwendung.<\/p>\n","protected":false},"excerpt":{"rendered":"<p>\u00a71 Grundlegendes Diese Datenschutzerkl\u00e4rung soll die Nutzer dieser Website \u00fcber die Art, den Umfang und den Zweck der Erhebung und Verwendung personenbezogener Daten durch den [&hellip;]<\/p>\n","protected":false},"author":1,"featured_media":0,"parent":11,"menu_order":0,"comment_status":"closed","ping_status":"closed","template":"","meta":{"footnotes":""},"class_list":["post-30","page","type-page","status-publish","hentry"],"_links":{"self":[{"href":"https:\/\/www.hfc-glassolutions.com\/en\/wp-json\/wp\/v2\/pages\/30","targetHints":{"allow":["GET"]}}],"collection":[{"href":"https:\/\/www.hfc-glassolutions.com\/en\/wp-json\/wp\/v2\/pages"}],"about":[{"href":"https:\/\/www.hfc-glassolutions.com\/en\/wp-json\/wp\/v2\/types\/page"}],"author":[{"embeddable":true,"href":"https:\/\/www.hfc-glassolutions.com\/en\/wp-json\/wp\/v2\/users\/1"}],"replies":[{"embeddable":true,"href":"https:\/\/www.hfc-glassolutions.com\/en\/wp-json\/wp\/v2\/comments?post=30"}],"version-history":[{"count":2,"href":"https:\/\/www.hfc-glassolutions.com\/en\/wp-json\/wp\/v2\/pages\/30\/revisions"}],"predecessor-version":[{"id":193,"href":"https:\/\/www.hfc-glassolutions.com\/en\/wp-json\/wp\/v2\/pages\/30\/revisions\/193"}],"up":[{"embeddable":true,"href":"https:\/\/www.hfc-glassolutions.com\/en\/wp-json\/wp\/v2\/pages\/11"}],"wp:attachment":[{"href":"https:\/\/www.hfc-glassolutions.com\/en\/wp-json\/wp\/v2\/media?parent=30"}],"curies":[{"name":"wp","href":"https:\/\/api.w.org\/{rel}","templated":true}]}}