{"id":92,"date":"2015-12-16T15:22:42","date_gmt":"2015-12-16T14:22:42","guid":{"rendered":"http:\/\/www.hfc-glassolutions.com\/de\/?page_id=92"},"modified":"2020-09-03T18:11:19","modified_gmt":"2020-09-03T16:11:19","slug":"temperaturscanner-bei-esg-anlagen","status":"publish","type":"page","link":"https:\/\/www.hfc-glassolutions.com\/de\/service-und-produkte\/temperaturscanner-bei-esg-anlagen\/","title":{"rendered":"Temperaturscanner bei ESG-Anlagen"},"content":{"rendered":"\n<h1 class=\"wp-block-heading\">MP150 Linescanner<\/h1>\n\n\n\n<ul class=\"wp-block-list\"><li>Abtastgeschwindigkeit von max. 150 Zeilen pro Sekunde<\/li><li>bis zu 1024 Messpunkte pro Zeile<\/li><li>optische Aufl\u00f6sung bis 200:1<\/li><li>eingebauter Linienlaser<\/li><li>integrierte TCP\/IP Ethernet Schnittstelle bis 100 Mbit\/s<\/li><\/ul>\n\n\n\n<p><video class=\"fullscreen\" tabindex=\"0\" poster=\"https:\/\/www.hfc-glassolutions.com\/video\/temperaturscanner-bei-esg-anlagen\/Scanner_System.jpg\" controls=\"controls\" width=\"480\" height=\"270\"><source src=\"https:\/\/www.hfc-glassolutions.com\/video\/temperaturscanner-bei-esg-anlagen\/Scanner_System.mp4\" type=\"video\/mp4\"><source src=\"https:\/\/www.hfc-glassolutions.com\/video\/temperaturscanner-bei-esg-anlagen\/Scanner_System.m4v\" type=\"video\/m4v\"><source src=\"https:\/\/www.hfc-glassolutions.com\/video\/temperaturscanner-bei-esg-anlagen\/Scanner_System.mov\" type=\"video\/mov\"><source src=\"https:\/\/www.hfc-glassolutions.com\/video\/temperaturscanner-bei-esg-anlagen\/Scanner_System.ogg\" type=\"video\/ogg\"><source src=\"https:\/\/www.hfc-glassolutions.com\/video\/temperaturscanner-bei-esg-anlagen\/Scanner_System.webm\" type=\"video\/webm\"><a href=\"https:\/\/www.hfc-glassolutions.com\/video\/Scanner_System.mov\">Direktkdownload<\/a><\/video><\/p>\n\n\n\n<h3 class=\"wp-block-heading\">&nbsp;<\/h3>\n\n\n\n<h3 class=\"wp-block-heading\">Produktbeschreibung<\/h3>\n\n\n\n<p>Der Linescanner MP150 erm\u00f6glicht die kontinuierliche Messung und Darstellung von Thermogrammen und Temperaturprofilen an bewegten Objekten sowohl in der Prozesssteuerung als auch bei der Qualit\u00e4ts\u00fcberwachung.<\/p>\n\n\n\n<p>Bis zu 150 Zeilen k\u00f6nnen innerhalb einer Sekunde gemessen werden. Dabei wird die Oberfl\u00e4chentemperatur eines Messobjektes zeilenweise mit 256 Messpunkten in einem Messwinkels von 90\u00b0 abgetastet. Sind mehr Messwerte erforderlich, kann die Geschwindigkeit auf 80 Hz herabgesetzt werden, so dass bis zu 1024 Messpunkte pro Zeile erfasst werden.<\/p>\n\n\n\n<div class=\"wp-block-image\"><figure class=\"alignleft\"><a href=\"https:\/\/www.hfc-glassolutions.com\/de\/wp-content\/uploads\/2015\/12\/ofen_und_scanner.jpg\" rel=\"attachment wp-att-99\" data-rel=\"lightbox-image-0\" data-rl_title=\"\" data-rl_caption=\"\" title=\"\"><img loading=\"lazy\" decoding=\"async\" width=\"1024\" height=\"464\" src=\"https:\/\/www.hfc-glassolutions.com\/de\/wp-content\/uploads\/2015\/12\/ofen_und_scanner-1024x464.jpg\" alt=\"Ofen und Scanner\" class=\"wp-image-99\" srcset=\"https:\/\/www.hfc-glassolutions.com\/de\/wp-content\/uploads\/2015\/12\/ofen_und_scanner-1024x464.jpg 1024w, https:\/\/www.hfc-glassolutions.com\/de\/wp-content\/uploads\/2015\/12\/ofen_und_scanner-576x261.jpg 576w, https:\/\/www.hfc-glassolutions.com\/de\/wp-content\/uploads\/2015\/12\/ofen_und_scanner.jpg 1280w\" sizes=\"auto, (max-width: 1024px) 100vw, 1024px\" \/><\/a><\/figure><\/div>\n\n\n\n<p>Der im Linescanner integrierte Linienlaser erzeugt auf der zu messenden Oberfl\u00e4che eine deutlich sichtbare rote Linie und erleichtert die Ausrichtung auf das Messobjekt.<\/p>\n\n\n\n<p>Der Linescanner MP150 ben\u00f6tigt nach erfolgter Konfiguration keinen externen Rechner mehr, da PC-unabh\u00e4ngige Analogausg\u00e4nge direkt am Scanner zur Verf\u00fcgung stehen. \u00dcber die Ethernet-Schnittstelle l\u00e4sst sich jedoch mit Hilfe der Software DataTemp DP auch ein Computer anschlie\u00dfen. Die Software erm\u00f6glicht eine leistungsf\u00e4hige Echtzeitanalyse der Messwerte, umfassende grafische Darstellung von Temperaturverl\u00e4ufen sowie die Fernprogrammierung des Linescanners.<\/p>\n\n\n\n<ol class=\"wp-block-list\"><li><a href=\"http:\/\/www.raytek.de\" target=\"_blank\" rel=\"noopener noreferrer\">www.raytek.de<\/a><\/li><\/ol>\n","protected":false},"excerpt":{"rendered":"<p>MP150 Linescanner Abtastgeschwindigkeit von max. 150 Zeilen pro Sekunde bis zu 1024 Messpunkte pro Zeile optische Aufl\u00f6sung bis 200:1 eingebauter Linienlaser integrierte TCP\/IP Ethernet Schnittstelle [&hellip;]<\/p>\n","protected":false},"author":1,"featured_media":0,"parent":7,"menu_order":0,"comment_status":"closed","ping_status":"closed","template":"","meta":{"footnotes":""},"class_list":["post-92","page","type-page","status-publish","hentry"],"_links":{"self":[{"href":"https:\/\/www.hfc-glassolutions.com\/de\/wp-json\/wp\/v2\/pages\/92","targetHints":{"allow":["GET"]}}],"collection":[{"href":"https:\/\/www.hfc-glassolutions.com\/de\/wp-json\/wp\/v2\/pages"}],"about":[{"href":"https:\/\/www.hfc-glassolutions.com\/de\/wp-json\/wp\/v2\/types\/page"}],"author":[{"embeddable":true,"href":"https:\/\/www.hfc-glassolutions.com\/de\/wp-json\/wp\/v2\/users\/1"}],"replies":[{"embeddable":true,"href":"https:\/\/www.hfc-glassolutions.com\/de\/wp-json\/wp\/v2\/comments?post=92"}],"version-history":[{"count":18,"href":"https:\/\/www.hfc-glassolutions.com\/de\/wp-json\/wp\/v2\/pages\/92\/revisions"}],"predecessor-version":[{"id":575,"href":"https:\/\/www.hfc-glassolutions.com\/de\/wp-json\/wp\/v2\/pages\/92\/revisions\/575"}],"up":[{"embeddable":true,"href":"https:\/\/www.hfc-glassolutions.com\/de\/wp-json\/wp\/v2\/pages\/7"}],"wp:attachment":[{"href":"https:\/\/www.hfc-glassolutions.com\/de\/wp-json\/wp\/v2\/media?parent=92"}],"curies":[{"name":"wp","href":"https:\/\/api.w.org\/{rel}","templated":true}]}}