{"id":76,"date":"2015-12-16T14:43:46","date_gmt":"2015-12-16T13:43:46","guid":{"rendered":"http:\/\/www.hfc-glassolutions.com\/de\/?page_id=76"},"modified":"2022-01-04T11:57:46","modified_gmt":"2022-01-04T10:57:46","slug":"esg-anlagen-von-landglass","status":"publish","type":"page","link":"https:\/\/www.hfc-glassolutions.com\/de\/service-und-produkte\/esg-anlagen-von-landglass\/","title":{"rendered":"ESG-Anlagen von Landglass"},"content":{"rendered":"\n<h1 class=\"wp-block-heading\">LANDGLASS<\/h1>\n\n\n\n<p>Landglass ist weltweit einer der gr\u00f6\u00dften Hersteller von ESG-Anlagen, mit \u00fcber 1000 Anlagen in zahlreichen Staaten.<\/p>\n\n\n\n<div class=\"wp-block-image\"><figure class=\"aligncenter\"><a href=\"https:\/\/www.hfc-glassolutions.com\/de\/wp-content\/uploads\/2015\/12\/landglass.jpg\" rel=\"attachment wp-att-85\" data-rel=\"lightbox-image-0\" data-rl_title=\"\" data-rl_caption=\"\" title=\"\"><img loading=\"lazy\" decoding=\"async\" width=\"541\" height=\"161\" src=\"https:\/\/www.hfc-glassolutions.com\/de\/wp-content\/uploads\/2015\/12\/landglass.jpg\" alt=\"Landglass\" class=\"wp-image-85\"\/><\/a><\/figure><\/div>\n\n\n\n<p>Landglass wurde 1989 in Luoyang gegr\u00fcndet und ist seither auf die Herstellung von ESG-Anlagen aller Art spezialisiert.<\/p>\n\n\n\n<p>ESG-Anlagen f\u00fcr alle Glasgr\u00f6\u00dfen von 900 mm x 1500 bis 3300 mm x 18000 mm<\/p>\n\n\n\n<ul class=\"wp-block-list\"><li>Hochkonvektions\u00f6fen f\u00fcr LowE Gl\u00e4ser<\/li><li>Strahlungs\u00f6fen mit Konvektion<\/li><li>Bi-direktionale Anlagen zum Biegen und Vorspannen<\/li><li>Biege- und Vorspannanlagen<\/li><li>Komplex Biege- und Vorspannanlagen<\/li><li>Durchlauf\u00f6fen f\u00fcr Serienfertigung von ESG und f\u00fcr die Solarindustrie<\/li><li>Mehrkammer Anlagen<\/li><\/ul>\n\n\n\n<figure class=\"wp-block-video\"><video controls src=\"https:\/\/www.hfc-glassolutions.com\/de\/wp-content\/uploads\/2017\/10\/Landglass-2-Kammerofen.mp4\"><\/video><\/figure>\n\n\n\n<figure class=\"wp-block-video\"><video controls src=\"https:\/\/www.hfc-glassolutions.com\/de\/wp-content\/uploads\/2019\/11\/B-Bender-2019-1-mit-Musik.m4v\"><\/video><\/figure>\n\n\n\n<ol class=\"wp-block-list\"><li><a rel=\"noopener noreferrer\" href=\"http:\/\/www.landglass.net\/\" target=\"_blank\">www.landglass.net<\/a><\/li><li><a class=\"download\" rel=\"noopener noreferrer\" href=\"https:\/\/www.hfc-glassolutions.com\/de\/wp-content\/uploads\/2015\/12\/October_issue_in_GLASWELT_LandGlass.pdf\" target=\"_blank\">October issue in GLASWELT LandGlass<\/a><\/li><li><a href=\"https:\/\/www.sedak.com\/de\/news-services\/aktuelles\/details\/gebogenes-glas-bis-18m\/\" data-type=\"URL\" data-id=\"https:\/\/www.sedak.com\/de\/news-services\/aktuelles\/details\/gebogenes-glas-bis-18m\/\" target=\"_blank\" rel=\"noreferrer noopener\">https:\/\/www.sedak.com\/de\/news-services\/aktuelles\/details\/gebogenes-glas-bis-18m\/<\/a><\/li><\/ol>\n\n\n\n<p><\/p>\n","protected":false},"excerpt":{"rendered":"<p>LANDGLASS Landglass ist weltweit einer der gr\u00f6\u00dften Hersteller von ESG-Anlagen, mit \u00fcber 1000 Anlagen in zahlreichen Staaten. Landglass wurde 1989 in Luoyang gegr\u00fcndet und ist [&hellip;]<\/p>\n","protected":false},"author":1,"featured_media":0,"parent":7,"menu_order":0,"comment_status":"closed","ping_status":"closed","template":"","meta":{"footnotes":""},"class_list":["post-76","page","type-page","status-publish","hentry"],"_links":{"self":[{"href":"https:\/\/www.hfc-glassolutions.com\/de\/wp-json\/wp\/v2\/pages\/76","targetHints":{"allow":["GET"]}}],"collection":[{"href":"https:\/\/www.hfc-glassolutions.com\/de\/wp-json\/wp\/v2\/pages"}],"about":[{"href":"https:\/\/www.hfc-glassolutions.com\/de\/wp-json\/wp\/v2\/types\/page"}],"author":[{"embeddable":true,"href":"https:\/\/www.hfc-glassolutions.com\/de\/wp-json\/wp\/v2\/users\/1"}],"replies":[{"embeddable":true,"href":"https:\/\/www.hfc-glassolutions.com\/de\/wp-json\/wp\/v2\/comments?post=76"}],"version-history":[{"count":19,"href":"https:\/\/www.hfc-glassolutions.com\/de\/wp-json\/wp\/v2\/pages\/76\/revisions"}],"predecessor-version":[{"id":620,"href":"https:\/\/www.hfc-glassolutions.com\/de\/wp-json\/wp\/v2\/pages\/76\/revisions\/620"}],"up":[{"embeddable":true,"href":"https:\/\/www.hfc-glassolutions.com\/de\/wp-json\/wp\/v2\/pages\/7"}],"wp:attachment":[{"href":"https:\/\/www.hfc-glassolutions.com\/de\/wp-json\/wp\/v2\/media?parent=76"}],"curies":[{"name":"wp","href":"https:\/\/api.w.org\/{rel}","templated":true}]}}