{"id":468,"date":"2018-08-22T14:02:57","date_gmt":"2018-08-22T12:02:57","guid":{"rendered":"http:\/\/www.hfc-glassolutions.com\/de\/?page_id=468"},"modified":"2020-04-16T12:21:32","modified_gmt":"2020-04-16T10:21:32","slug":"fenetech","status":"publish","type":"page","link":"https:\/\/www.hfc-glassolutions.com\/de\/service-und-produkte\/fenetech\/","title":{"rendered":"FeneTech \u2014 ERP"},"content":{"rendered":"\n<h1 class=\"wp-block-heading\">FeneTech &#8211; ERP-Software f\u00fcr die Glas- und Fensterindustrie<\/h1>\n\n\n\n<p>Seit mehr als 15 Jahren ist die FeneTech Inc. (USA und Luxembourg) ein eigenst\u00e4ndiges Unternehmen, das ERP-Software f\u00fcr die logistische Steuerung von Fensterbau- und glasverarbeitenden Betrieben konzipiert, entwickelt, vertreibt und installiert.<\/p>\n\n\n\n<div class=\"wp-block-image\"><figure class=\"aligncenter\"><a href=\"https:\/\/www.hfc-glassolutions.com\/de\/wp-content\/uploads\/2018\/08\/fenetech1.jpg\" data-rel=\"lightbox-image-0\" data-rl_title=\"\" data-rl_caption=\"\" title=\"\"><img loading=\"lazy\" decoding=\"async\" width=\"800\" height=\"600\" src=\"https:\/\/www.hfc-glassolutions.com\/de\/wp-content\/uploads\/2018\/08\/fenetech1.jpg\" alt=\"\" class=\"wp-image-474\" srcset=\"https:\/\/www.hfc-glassolutions.com\/de\/wp-content\/uploads\/2018\/08\/fenetech1.jpg 800w, https:\/\/www.hfc-glassolutions.com\/de\/wp-content\/uploads\/2018\/08\/fenetech1-480x360.jpg 480w\" sizes=\"auto, (max-width: 800px) 100vw, 800px\" \/><\/a><\/figure><\/div>\n\n\n\n<p>Ihre Partnerschaft mit FeneTech beginnt ab dem Tag, an dem Sie Kunde werden. Support ist verf\u00fcgbar in jeder einzelnen Phase einer Softwareinstallation: Pre-Implementierung (Whiteboarding), w\u00e4hrend der Implementierung und dar\u00fcberhinaus, inklusive 24\/7 Service und Support weltweit.<\/p>\n\n\n\n<div class=\"wp-block-image\"><figure class=\"aligncenter\"><a href=\"https:\/\/www.hfc-glassolutions.com\/de\/wp-content\/uploads\/2018\/08\/fenetch2.gif\" data-rel=\"lightbox-image-1\" data-rl_title=\"\" data-rl_caption=\"\" title=\"\"><img loading=\"lazy\" decoding=\"async\" width=\"1024\" height=\"683\" src=\"https:\/\/www.hfc-glassolutions.com\/de\/wp-content\/uploads\/2018\/08\/fenetch2-1024x683.gif\" alt=\"\" class=\"wp-image-476\" srcset=\"https:\/\/www.hfc-glassolutions.com\/de\/wp-content\/uploads\/2018\/08\/fenetch2-1024x683.gif 1024w, https:\/\/www.hfc-glassolutions.com\/de\/wp-content\/uploads\/2018\/08\/fenetch2-480x320.gif 480w\" sizes=\"auto, (max-width: 1024px) 100vw, 1024px\" \/><\/a><\/figure><\/div>\n\n\n\n<p>FeneVision ERP ist:<\/p>\n\n\n\n<ul class=\"wp-block-list\"><li>FeneVision Verkaufstools<\/li><li>FeneVision&nbsp;Optimierungstools<\/li><li>FeneTech Spezialsoftwareentwicklungen<\/li><\/ul>\n\n\n\n<ol class=\"wp-block-list\"><li><a href=\"https:\/\/fenetech.com\/why-fenetech\/?lang=de\" target=\"_blank\" rel=\"noopener noreferrer\">https:\/\/fenetech.com\/why-fenetech\/?lang=de<\/a><\/li><\/ol>\n","protected":false},"excerpt":{"rendered":"<p>FeneTech &#8211; ERP-Software f\u00fcr die Glas- und Fensterindustrie Seit mehr als 15 Jahren ist die FeneTech Inc. (USA und Luxembourg) ein eigenst\u00e4ndiges Unternehmen, das ERP-Software [&hellip;]<\/p>\n","protected":false},"author":1,"featured_media":0,"parent":7,"menu_order":0,"comment_status":"closed","ping_status":"closed","template":"","meta":{"footnotes":""},"class_list":["post-468","page","type-page","status-publish","hentry"],"_links":{"self":[{"href":"https:\/\/www.hfc-glassolutions.com\/de\/wp-json\/wp\/v2\/pages\/468","targetHints":{"allow":["GET"]}}],"collection":[{"href":"https:\/\/www.hfc-glassolutions.com\/de\/wp-json\/wp\/v2\/pages"}],"about":[{"href":"https:\/\/www.hfc-glassolutions.com\/de\/wp-json\/wp\/v2\/types\/page"}],"author":[{"embeddable":true,"href":"https:\/\/www.hfc-glassolutions.com\/de\/wp-json\/wp\/v2\/users\/1"}],"replies":[{"embeddable":true,"href":"https:\/\/www.hfc-glassolutions.com\/de\/wp-json\/wp\/v2\/comments?post=468"}],"version-history":[{"count":15,"href":"https:\/\/www.hfc-glassolutions.com\/de\/wp-json\/wp\/v2\/pages\/468\/revisions"}],"predecessor-version":[{"id":520,"href":"https:\/\/www.hfc-glassolutions.com\/de\/wp-json\/wp\/v2\/pages\/468\/revisions\/520"}],"up":[{"embeddable":true,"href":"https:\/\/www.hfc-glassolutions.com\/de\/wp-json\/wp\/v2\/pages\/7"}],"wp:attachment":[{"href":"https:\/\/www.hfc-glassolutions.com\/de\/wp-json\/wp\/v2\/media?parent=468"}],"curies":[{"name":"wp","href":"https:\/\/api.w.org\/{rel}","templated":true}]}}