{"id":102,"date":"2015-12-16T16:56:43","date_gmt":"2015-12-16T15:56:43","guid":{"rendered":"http:\/\/www.hfc-glassolutions.com\/de\/?page_id=102"},"modified":"2025-02-18T10:47:51","modified_gmt":"2025-02-18T09:47:51","slug":"digitale-drucker-fuer-keramische-farben-von-diptech","status":"publish","type":"page","link":"https:\/\/www.hfc-glassolutions.com\/de\/service-und-produkte\/digitale-drucker-fuer-keramische-farben-von-diptech\/","title":{"rendered":"Digitale Drucker f\u00fcr keramische  Farben von Dip-Tech"},"content":{"rendered":"\n<h1 class=\"wp-block-heading has-text-align-left\">Dip-Tech<img loading=\"lazy\" decoding=\"async\" width=\"150\" height=\"101\" class=\"wp-image-589\" style=\"width: 150px;\" src=\"https:\/\/www.hfc-glassolutions.com\/de\/wp-content\/uploads\/2020\/12\/DipTech-Ferro-Logo.png\" alt=\"\"><a href=\"https:\/\/www.hfc-glassolutions.com\/de\/wp-content\/uploads\/2020\/12\/DipTech-Ferro-Logo.png\" data-rel=\"lightbox-image-0\" data-rl_title=\"\" data-rl_caption=\"\" title=\"\"><\/a><\/h1>\n\n\n\n<h3 class=\"wp-block-heading\">DX9&nbsp;\u2014&nbsp;Die Zukunft beginnt JETZT<\/h3>\n\n\n\n<p><\/p>\n\n\n\n<h5 class=\"wp-block-heading\">DipTech revolutioniert den Digitaldruck f\u00fcr keramische Farben!<\/h5>\n\n\n<div class=\"wp-block-image\">\n<figure class=\"aligncenter size-large is-resized\"><img loading=\"lazy\" decoding=\"async\" width=\"1024\" height=\"315\" src=\"https:\/\/www.hfc-glassolutions.com\/de\/wp-content\/uploads\/2020\/12\/dx-3-1024x315.png\" alt=\"\" class=\"wp-image-590\" style=\"width:835px;height:256px\" srcset=\"https:\/\/www.hfc-glassolutions.com\/de\/wp-content\/uploads\/2020\/12\/dx-3-1024x315.png 1024w, https:\/\/www.hfc-glassolutions.com\/de\/wp-content\/uploads\/2020\/12\/dx-3-480x148.png 480w, https:\/\/www.hfc-glassolutions.com\/de\/wp-content\/uploads\/2020\/12\/dx-3.png 1137w\" sizes=\"auto, (max-width: 1024px) 100vw, 1024px\" \/><\/figure><\/div>\n\n<p><a href=\"https:\/\/www.hfc-glassolutions.com\/de\/wp-content\/uploads\/2025\/02\/Screenshot-2025-02-18-103318.jpg\" data-rel=\"lightbox-image-1\" data-rl_title=\"\" data-rl_caption=\"\" title=\"\"><img loading=\"lazy\" decoding=\"async\" class=\"aligncenter size-large wp-image-635\" src=\"https:\/\/www.hfc-glassolutions.com\/de\/wp-content\/uploads\/2025\/02\/Screenshot-2025-02-18-103318-1024x237.jpg\" alt=\"\" width=\"1024\" height=\"237\" srcset=\"https:\/\/www.hfc-glassolutions.com\/de\/wp-content\/uploads\/2025\/02\/Screenshot-2025-02-18-103318-1024x237.jpg 1024w, https:\/\/www.hfc-glassolutions.com\/de\/wp-content\/uploads\/2025\/02\/Screenshot-2025-02-18-103318-480x111.jpg 480w, https:\/\/www.hfc-glassolutions.com\/de\/wp-content\/uploads\/2025\/02\/Screenshot-2025-02-18-103318-1536x356.jpg 1536w, https:\/\/www.hfc-glassolutions.com\/de\/wp-content\/uploads\/2025\/02\/Screenshot-2025-02-18-103318-2048x475.jpg 2048w\" sizes=\"auto, (max-width: 1024px) 100vw, 1024px\" \/><\/a><\/p>\n\n\n<figure class=\"wp-block-video\"><video controls src=\"https:\/\/www.hfc-glassolutions.com\/de\/wp-content\/uploads\/2020\/12\/Dip-Tech-DX-3-printing.mp4\"><\/video><\/figure>\n\n\n\n<ul class=\"wp-block-list\">\n<li>bis zu 12 Farben f\u00fcr h\u00f6chste Produktionsflexibilit\u00e4t<\/li>\n\n\n\n<li>hohe Bildaufl\u00f6sung \u2013&nbsp;bis zu 5760 dpi<\/li>\n\n\n\n<li>NEW FEATURES<\/li>\n\n\n\n<li>GLAS SCANNER<\/li>\n\n\n\n<li>Scannt die Grenzen der Scheibe und schneidet das Bild entsprechend der Glasgr\u00f6\u00dfe zu. Die bedienerfreundliche Software hilft dem Anwender beim Positionieren und Zuschneidendes des Bildes.<\/li>\n\n\n\n<li>MULTI-TASKING GLASS HANDLING SYSTEM<\/li>\n\n\n\n<li>Der geteilte Drucktisch erlaubt dem Drucker eine Scheibe zu entladen, w\u00e4hrend bei der n\u00e4chsten Scheibe schon der neue Druck beginnt (erst ab einer Druckergr\u00f6\u00dfe von 6 Metern und mehr).<\/li>\n\n\n\n<li>AUTOMATIC LOAD SYSTEM<\/li>\n\n\n\n<li>Bewegt sich mit dem Glas vorw\u00e4rts f\u00fcr durchgehendes Drucken auch w\u00e4hrend eine neue Scheibe geladen wird. <\/li>\n\n\n\n<li>METALLIC INK SOLUTION (GOLDDRUCK)<\/li>\n\n\n\n<li>Ein spezielles System zum Drucken mit Gold- und Silbertinten, das verhindert, dass sich die wertvollen Metalltinten mit den normale Tinten vermischen und verunreinigt werden.<\/li>\n\n\n\n<li>INDUSTRY 4.0 COMPLIANCE FOR SMART MANUFACTURING<\/li>\n\n\n\n<li>Dip Tech\u2019s&nbsp;<strong><u>NExT&nbsp;<\/u><\/strong>Betriebssystem sendet alle zur Produktion relevanten Daten and das Steuerungssystem des Betriebs.<\/li>\n<\/ul>\n\n\n\n<h3 class=\"wp-block-heading\">&nbsp;<\/h3>\n\n\n\n<h3 class=\"wp-block-heading\">&nbsp;<\/h3>\n\n\n\n<h3 class=\"wp-block-heading\">P9-Drucker<\/h3>\n\n\n<div class=\"wp-block-image\">\n<figure class=\"aligncenter\"><a href=\"https:\/\/www.hfc-glassolutions.com\/de\/wp-content\/uploads\/2017\/01\/GPI-beschnitten.jpg\" rel=\"attachment wp-att-311\" data-rel=\"lightbox-image-2\" data-rl_title=\"\" data-rl_caption=\"\" title=\"\"><img loading=\"lazy\" decoding=\"async\" width=\"1024\" height=\"661\" src=\"https:\/\/www.hfc-glassolutions.com\/de\/wp-content\/uploads\/2017\/01\/GPI-beschnitten-1024x661.jpg\" alt=\"GPI beschnitten\" class=\"wp-image-311\" srcset=\"https:\/\/www.hfc-glassolutions.com\/de\/wp-content\/uploads\/2017\/01\/GPI-beschnitten-1024x661.jpg 1024w, https:\/\/www.hfc-glassolutions.com\/de\/wp-content\/uploads\/2017\/01\/GPI-beschnitten-480x310.jpg 480w, https:\/\/www.hfc-glassolutions.com\/de\/wp-content\/uploads\/2017\/01\/GPI-beschnitten.jpg 1800w\" sizes=\"auto, (max-width: 1024px) 100vw, 1024px\" \/><\/a><\/figure><\/div>\n\n\n<ul class=\"wp-block-list\">\n<li>w\u00e4chst mit den Produktionsbed\u00fcrfnissen von 1.400 mm bis max. 6.000 mm L\u00e4nge<\/li>\n\n\n\n<li>hohe Bildaufl\u00f6sung \u2013&nbsp;bis zu 1470 dpi<\/li>\n<\/ul>\n\n\n\n<p>Der digitale Druck mit keramischen Farben er\u00f6ffnet jedem Unternehmen im Bereich der Flachglasnachverarbeitung neue Perspektiven. F\u00fcr Kleinserien, individuelle W\u00fcnsche, Muster und Auftr\u00e4gen mit vielen individuellen Einzelscheiben (Glasformat und\/oder Druck) fallen die Filmherstellungs-, Sieb- und R\u00fcstkosten komplett weg.<\/p>\n\n\n\n<ul class=\"wp-block-list\">\n<li>eliminiert die Peripheriekosten des Siebdruck, wie Siebe, deren Reinigung und Lagerung<\/li>\n\n\n\n<li>geringer Personaleinsatz<\/li>\n\n\n\n<li>erm\u00f6glicht den Druck von bis zu sechs Farben gleichzeitig<\/li>\n\n\n\n<li>hohe Aufl\u00f6sung von \u00fcber 800 DPI<\/li>\n\n\n\n<li>Jede Scheibe kann individuell mit Informationen wie Seriennummern oder Barcodes versehen werden.<\/li>\n\n\n\n<li>Nachdrucke sind unmittelbar und zu geringen Kosten m\u00f6glich.<\/li>\n\n\n\n<li>sinnvolle Erg\u00e4nzung zum Siebdruck<\/li>\n<\/ul>\n\n\n\n<p>Die Digital-Drucker wurden von Dip Tech Ltd. entwickelt und verarbeiten l\u00f6sungsmittel-haltige Farben, die frei von Schwermetallen sind. Die Herstellung der Farben erfolgt durch Dip-Tech Ltd.<\/p>\n\n\n\n<p><\/p>\n\n\n\n<ol class=\"wp-block-list\">\n<li><a href=\"https:\/\/diptechmachinery.com\/index.php\/about\/about-us\">https:\/\/diptechmachinery.com\/index.php\/about\/about-us<\/a><\/li>\n\n\n\n<li><a href=\"https:\/\/kerajet.com\/en\/our-company\/\">https:\/\/kerajet.com\/en\/our-company\/<\/a><\/li>\n\n\n\n<li><a href=\"https:\/\/www.hfc-glassolutions.com\/de\/wp-content\/uploads\/2025\/02\/CATALOGO-GLASSJET-DX9.pdf\">https:\/\/www.hfc-glassolutions.com\/de\/wp-content\/uploads\/2025\/02\/CATALOGO-GLASSJET-DX9.pdf<\/a><\/li>\n\n\n\n<li><a href=\"https:\/\/www.hfc-glassolutions.com\/de\/wp-content\/uploads\/2025\/02\/CATALOGO-GLASSJET-P9.pdf\">https:\/\/www.hfc-glassolutions.com\/de\/wp-content\/uploads\/2025\/02\/CATALOGO-GLASSJET-P9.pdf<\/a><\/li>\n<\/ol>\n\n\n\n<p><\/p>\n","protected":false},"excerpt":{"rendered":"<p>Dip-Tech DX9&nbsp;\u2014&nbsp;Die Zukunft beginnt JETZT DipTech revolutioniert den Digitaldruck f\u00fcr keramische Farben! &nbsp; &nbsp; P9-Drucker Der digitale Druck mit keramischen Farben er\u00f6ffnet jedem Unternehmen im [&hellip;]<\/p>\n","protected":false},"author":1,"featured_media":0,"parent":7,"menu_order":0,"comment_status":"closed","ping_status":"closed","template":"","meta":{"footnotes":""},"class_list":["post-102","page","type-page","status-publish","hentry"],"_links":{"self":[{"href":"https:\/\/www.hfc-glassolutions.com\/de\/wp-json\/wp\/v2\/pages\/102","targetHints":{"allow":["GET"]}}],"collection":[{"href":"https:\/\/www.hfc-glassolutions.com\/de\/wp-json\/wp\/v2\/pages"}],"about":[{"href":"https:\/\/www.hfc-glassolutions.com\/de\/wp-json\/wp\/v2\/types\/page"}],"author":[{"embeddable":true,"href":"https:\/\/www.hfc-glassolutions.com\/de\/wp-json\/wp\/v2\/users\/1"}],"replies":[{"embeddable":true,"href":"https:\/\/www.hfc-glassolutions.com\/de\/wp-json\/wp\/v2\/comments?post=102"}],"version-history":[{"count":85,"href":"https:\/\/www.hfc-glassolutions.com\/de\/wp-json\/wp\/v2\/pages\/102\/revisions"}],"predecessor-version":[{"id":638,"href":"https:\/\/www.hfc-glassolutions.com\/de\/wp-json\/wp\/v2\/pages\/102\/revisions\/638"}],"up":[{"embeddable":true,"href":"https:\/\/www.hfc-glassolutions.com\/de\/wp-json\/wp\/v2\/pages\/7"}],"wp:attachment":[{"href":"https:\/\/www.hfc-glassolutions.com\/de\/wp-json\/wp\/v2\/media?parent=102"}],"curies":[{"name":"wp","href":"https:\/\/api.w.org\/{rel}","templated":true}]}}